{"id":37,"date":"2020-01-20T11:23:49","date_gmt":"2020-01-20T11:23:49","guid":{"rendered":"http:\/\/segeberger-zahnaerzte.de\/?page_id=37"},"modified":"2020-01-27T08:46:27","modified_gmt":"2020-01-27T08:46:27","slug":"impressum","status":"publish","type":"page","link":"http:\/\/segeberger-zahnaerzte.de\/?page_id=37","title":{"rendered":"Impressum"},"content":{"rendered":"\n<p>Zahn\u00e4rzteverein Kreis Segeberg e.V.<br>Dr. Andreas Sporbeck<br>Zahnarzt<\/p>\n\n\n\n<p>Rathausallee 70, <br>22846 Norderstedt<\/p>\n\n\n\n<p>Fon 040\/522 49 94 Fax 040\/522 86 98, E-Mail: praxis@dr-sporbeck.de<br>Der Zahn\u00e4rzteverein Kreis Segeberg e.V.  ist beim Amtgericht Kiel eingetragen.\u00a0<\/p>\n\n\n\n<p>Kammer: Zahn\u00e4rztekammer Schleswig-Holstein, Westring 496, 24106 Kiel&nbsp;&nbsp;<a href=\"http:\/\/www.zaek-sh.de\/\">www.zaek-sh.de<\/a><\/p>\n\n\n\n<figure class=\"wp-block-table\"><table class=\"\"><tbody><tr><td><strong>Datenschutzerkl\u00e4rung<\/strong><br>Eine Nutzung der Internetseiten der Vereinigung der Zahn\u00e4rzte des Kreises Segeberg e.V. ist grunds\u00e4tzlich ohne jede Angabe personenbezogener Daten m\u00f6glich. Sofern eine betroffene Person besondere Services der Vereinigung der Zahn\u00e4rzte des Kreises Segeberg e.V. \u00fcber unsere Internetseite in Anspruch nehmen m\u00f6chte, k\u00f6nnte jedoch eine Verarbeitung personenbezogener Daten erforderlich werden. Ist die Verarbeitung personenbezogener Daten erforderlich und besteht f\u00fcr eine solche Verarbeitung keine gesetzliche Grundlage, holen wir generell eine Einwilligung der betroffenen Person ein. Die Verarbeitung personenbezogener Daten, beispielsweise des Namens, der Anschrift, E-Mail-Adresse oder Telefonnummer einer betroffenen Person, erfolgt stets im Einklang mit der Datenschutz-Grundverordnung und in \u00dcbereinstimmung mit den f\u00fcr die Vereinigung der Zahn\u00e4rzte des Kreises Segeberg e.V. geltenden landesspezifischen Datenschutzbestimmungen. Mittels dieser Datenschutzerkl\u00e4rung m\u00f6chten wir die \u00d6ffentlichkeit \u00fcber Art, Umfang und Zweck der von uns erhobenen, genutzten und verarbeiteten personenbezogenen Daten informieren. Ferner werden betroffene Personen mittels dieser Datenschutzerkl\u00e4rung \u00fcber die ihnen zustehenden Rechte aufgekl\u00e4rt. Der Zahnarzt Dr. Andreas Sporbeck hat als f\u00fcr die Verarbeitung Verantwortlicher zahlreiche technische und organisatorische Ma\u00dfnahmen umgesetzt, um einen m\u00f6glichst l\u00fcckenlosen Schutz der \u00fcber diese Internetseite verarbeiteten personenbezogenen Daten sicherzustellen. Dennoch k\u00f6nnen Internetbasierte Daten\u00fcbertragungen grunds\u00e4tzlich Sicherheitsl\u00fccken aufweisen, sodass ein absoluter Schutz nicht gew\u00e4hrleistet werden kann. Aus diesem Grund steht es jeder betroffenen Person frei, personenbezogene Daten auch auf alternativen Wegen, beispielsweise telefonisch, an uns zu \u00fcbermitteln.<br><strong>1. Begriffsbestimmungen<\/strong><br>Die Datenschutzerkl\u00e4rung der Vereinigung der Zahn\u00e4rzte des Kreises Segeberg e.V. beruht auf den Begrifflichkeiten, die durch den Europ\u00e4ischen Richtlinien- und Verordnungsgeber beim Erlass der Datenschutz-Grundverordnung (DSGVO) verwendet wurden. Unsere Datenschutzerkl\u00e4rung soll sowohl f\u00fcr die \u00d6ffentlichkeit einfach lesbar und verst\u00e4ndlich sein. Um dies zu gew\u00e4hrleisten, m\u00f6chten wir vorab die verwendeten Begrifflichkeiten erl\u00e4utern.Wir verwenden in dieser Datenschutzerkl\u00e4rung unter anderem die folgenden Begriffe:<br><strong>a)&nbsp;&nbsp;&nbsp; personenbezogene Daten<\/strong><br>Personenbezogene Daten sind alle Informationen, die sich auf eine identifizierte oder identifizierbare nat\u00fcrliche Person (im Folgenden \u201ebetroffene Person\u201c) beziehen. Als identifizierbar wird eine nat\u00fcrliche Person angesehen, die direkt oder indirekt, insbesondere mittels Zuordnung zu einer Kennung wie einem Namen, zu einer Kennnummer, zu Standortdaten, zu einer Online-Kennung oder zu einem oder mehreren besonderen Merkmalen, die Ausdruck der physischen, physiologischen, genetischen, psychischen, wirtschaftlichen, kulturellen oder sozialen Identit\u00e4t dieser nat\u00fcrlichen Person sind, identifiziert werden kann.<br><strong>b)&nbsp;&nbsp;&nbsp; betroffene Person<\/strong><br>Betroffene Person ist jede identifizierte oder identifizierbare nat\u00fcrliche Person, deren personenbezogene Daten von dem f\u00fcr die Verarbeitung Verantwortlichen verarbeitet werden.<br><strong>c)&nbsp;&nbsp;&nbsp; Verarbeitung<\/strong><br>Verarbeitung ist jeder mit oder ohne Hilfe automatisierter Verfahren ausgef\u00fchrte Vorgang oder jede solche Vorgangsreihe im Zusammenhang mit personenbezogenen Daten wie das Erheben, das Erfassen, die Organisation, das Ordnen, die Speicherung, die Anpassung oder Ver\u00e4nderung, das Auslesen, das Abfragen, die Verwendung, die Offenlegung durch \u00dcbermittlung, Verbreitung oder eine andere Form der Bereitstellung, den Abgleich oder die Verkn\u00fcpfung, die Einschr\u00e4nkung, das L\u00f6schen oder die Vernichtung.<br><strong>d)&nbsp;&nbsp;&nbsp; Einschr\u00e4nkung der Verarbeitung<\/strong><br>Einschr\u00e4nkung der Verarbeitung ist die Markierung gespeicherter personenbezogener Daten mit dem Ziel, ihre k\u00fcnftige Verarbeitung einzuschr\u00e4nken.<br><strong>e)&nbsp;&nbsp;&nbsp; Profiling<\/strong><br>Profiling ist jede Art der automatisierten Verarbeitung personenbezogener Daten, die darin besteht, dass diese personenbezogenen Daten verwendet werden, um bestimmte pers\u00f6nliche Aspekte, die sich auf eine nat\u00fcrliche Person beziehen, zu bewerten, insbesondere, um Aspekte bez\u00fcglich Arbeitsleistung, wirtschaftlicher Lage, Gesundheit, pers\u00f6nlicher Vorlieben, Interessen, Zuverl\u00e4ssigkeit, Verhalten, Aufenthaltsort oder Ortswechsel dieser nat\u00fcrlichen Person zu analysieren oder vorherzusagen.<br><strong>f)&nbsp;&nbsp;&nbsp;&nbsp; Pseudonymisierung<\/strong><br>Pseudonymisierung ist die Verarbeitung personenbezogener Daten in einer Weise, auf welche die personenbezogenen Daten ohne Hinzuziehung zus\u00e4tzlicher Informationen nicht mehr einer spezifischen betroffenen Person zugeordnet werden k\u00f6nnen, sofern diese zus\u00e4tzlichen Informationen gesondert aufbewahrt werden und technischen und organisatorischen Ma\u00dfnahmen unterliegen, die gew\u00e4hrleisten, dass die personenbezogenen Daten nicht einer identifizierten oder identifizierbaren nat\u00fcrlichen Person zugewiesen werden.<br><strong>g)&nbsp;&nbsp;&nbsp; Verantwortlicher oder f\u00fcr die Verarbeitung Verantwortlicher<\/strong><br>Verantwortlicher oder f\u00fcr die Verarbeitung Verantwortlicher ist die nat\u00fcrliche oder juristische Person, Beh\u00f6rde, Einrichtung oder andere Stelle, die allein oder gemeinsam mit anderen \u00fcber die Zwecke und Mittel der Verarbeitung von personenbezogenen Daten entscheidet. Sind die Zwecke und Mittel dieser Verarbeitung durch das Unionsrecht oder das Recht der Mitgliedstaaten vorgegeben, so kann der Verantwortliche beziehungsweise k\u00f6nnen die bestimmten Kriterien seiner Benennung nach dem Unionsrecht oder dem Recht der Mitgliedstaaten vorgesehen werden.<br><strong>h)&nbsp;&nbsp;&nbsp; Auftragsverarbeiter<\/strong><br>Auftragsverarbeiter ist eine nat\u00fcrliche oder juristische Person, Beh\u00f6rde, Einrichtung oder andere Stelle, die personenbezogene Daten im Auftrag des Verantwortlichen verarbeitet.<br><strong>i)&nbsp;&nbsp;&nbsp;&nbsp;&nbsp; Empf\u00e4nger<\/strong><br>Empf\u00e4nger ist eine nat\u00fcrliche oder juristische Person, Beh\u00f6rde, Einrichtung oder andere Stelle, der personenbezogene Daten offengelegt werden, unabh\u00e4ngig davon, ob es sich bei ihr um einen Dritten handelt oder nicht. Beh\u00f6rden, die im Rahmen eines bestimmten Untersuchungsauftrags nach dem Unionsrecht oder dem Recht der Mitgliedstaaten m\u00f6glicherweise personenbezogene Daten erhalten, gelten jedoch nicht als Empf\u00e4nger.<br><strong>j)&nbsp;&nbsp;&nbsp;&nbsp;&nbsp; Dritter<\/strong><br>Dritter ist eine nat\u00fcrliche oder juristische Person, Beh\u00f6rde, Einrichtung oder andere Stelle au\u00dfer der betroffenen Person, dem Verantwortlichen, dem Auftragsverarbeiter und den Personen, die unter der unmittelbaren Verantwortung des Verantwortlichen oder des Auftragsverarbeiters befugt sind, die personenbezogenen Daten zu verarbeiten.<br><strong>k)&nbsp;&nbsp;&nbsp; Einwilligung<\/strong><br>Einwilligung ist jede von der betroffenen Person freiwillig f\u00fcr den bestimmten Fall in informierter Weise und unmissverst\u00e4ndlich abgegebene Willensbekundung in Form einer Erkl\u00e4rung oder einer sonstigen eindeutigen best\u00e4tigenden Handlung, mit der die betroffene Person zu verstehen gibt, dass sie mit der Verarbeitung der sie betreffenden personenbezogenen Daten einverstanden ist.<br><strong>2. Name und Anschrift des f\u00fcr die Verarbeitung Verantwortlichen<\/strong><br>Verantwortlicher im Sinne der Datenschutz-Grundverordnung, sonstiger in den Mitgliedstaaten der Europ\u00e4ischen Union geltenden Datenschutzgesetze und anderer Bestimmungen mit datenschutzrechtlichem Charakter ist der 1.Vorsitzende der Vereinigung der Zahn\u00e4rzte des Kreises Bad Segeberg e.V., Herr Dr. Andreas Sporbeck, Rathausallee 70, 22846 Norderstedt.<br><strong>3. Cookies<\/strong><br>Die Internetseiten der Vereinigung der Zahn\u00e4rzte des Kreises Segeberg e.V. verwenden keine Cookies. Cookies sind Textdateien, welche \u00fcber einen Internetbrowser auf einem Computersystem abgelegt und gespeichert werden.Zahlreiche Internetseiten und Server verwenden Cookies. Viele Cookies enthalten eine sogenannte Cookie-ID. Eine Cookie-ID ist eine eindeutige Kennung des Cookies. Sie besteht aus einer Zeichenfolge, durch welche Internetseiten und Server dem konkreten Internetbrowser zugeordnet werden k\u00f6nnen, in dem das Cookie gespeichert wurde. Dies erm\u00f6glicht es den besuchten Internetseiten und Servern, den individuellen Browser der betroffenen Person von anderen Internetbrowsern, die andere Cookies enthalten, zu unterscheiden. Ein bestimmter Internetbrowser kann \u00fcber die eindeutige Cookie-ID wiedererkannt und identifiziert werden.<br><strong>4. Google Maps Plugin<\/strong><br>Wir setzen auf der Webseite ein Plugin des Internetdienstes Google Maps ein. Betreiber von Google Maps ist Google Inc., ans\u00e4ssig in den USA, CA 94043, 1600 Amphitheatre Parkway, Mountain View. Indem Sie Google Maps auf unserer Webseite nutzen, werden Informationen \u00fcber die Nutzung dieser Webseite und Ihre IP-Adresse an einen Google-Server in den USA \u00fcbermittelt und auch auf diesem Server gespeichert. Ich habe keine Kenntnis \u00fcber den genauen Inhalt der \u00fcbermittelten Daten, noch \u00fcber ihre Nutzung durch Google. Das Unternehmen verneint in diesem Kontext die Verbindung der Daten mit Informationen aus anderen Google-Diensten und die Erfassung personenbezogener Daten. Allerdings kann Google die Informationen an Dritte \u00fcbermitteln. Wenn Sie Javascript in Ihrem Browser deaktivieren, verhindern Sie die Ausf\u00fchrung von Google Maps. Sie k\u00f6nnen dann aber auch keine Kartenanzeige auf der Webseite nutzen. Mit der Nutzung meiner Webseite erkl\u00e4ren Sie Ihr Einverst\u00e4ndnis mit der beschriebenen Erfassung und Verarbeitung der Informationen durch Google Inc.. N\u00e4heres zu den Datenschutzbestimmungen und Nutzungsbedingungen f\u00fcr Google Maps erfahren Sie hier: www.google.com\/intl\/de_de\/help\/terms_maps.html.&nbsp;Die Nutzung von Google Maps erfolgt im Interesse einer ansprechenden Darstellung unseres Online-Angebotes und an einer leichten Auffindbarkeit der von uns auf der Website angegebenen Orte der Notdienstpraxen. Dies stellt ein berechtigtes Interesse im Sinne von Art. 6 Abs. 1 lit. f DSGVO dar.<br><strong>5. Erfassung von allgemeinen Daten und Informationen<\/strong><br>Die Internetseite der Vereinigung der Zahn\u00e4rzte des Kreises Segeberg e.V.erfasst mit jedem Aufruf der Internetseite durch eine betroffene Person oder ein automatisiertes System eine Reihe von allgemeinen Daten und Informationen. Diese allgemeinen Daten und Informationen werden in den Logfiles des Servers gespeichert. Erfasst werden k\u00f6nnen die (1) verwendeten Browsertypen und Versionen, (2) das vom zugreifenden System verwendete Betriebssystem, (3) die Internetseite, von welcher ein zugreifendes System auf unsere Internetseite gelangt (sogenannte Referrer), (4) die Unterwebseiten, welche \u00fcber ein zugreifendes System auf unserer Internetseite angesteuert werden, (5) das Datum und die Uhrzeit eines Zugriffs auf die Internetseite, (6) eine Internet-Protokoll-Adresse (IP-Adresse), (7) der Internet-Service-Provider des zugreifenden Systems und (8) sonstige \u00e4hnliche Daten und Informationen, die der Gefahrenabwehr im Falle von Angriffen auf unsere informationstechnologischen Systeme dienen.Bei der Nutzung dieser allgemeinen Daten und Informationen zieht die Vereinigung der Zahn\u00e4rzte des Kreises Segeberg e.V. keine R\u00fcckschl\u00fcsse auf die betroffene Person. Diese Informationen werden vielmehr ben\u00f6tigt, um (1) die Inhalte unserer Internetseite korrekt auszuliefern, (2) die Inhalte unserer Internetseite sowie die Werbung f\u00fcr diese zu optimieren, (3) die dauerhafte Funktionsf\u00e4higkeit unserer informationstechnologischen Systeme und der Technik unserer Internetseite zu gew\u00e4hrleisten sowie (4) um Strafverfolgungsbeh\u00f6rden im Falle eines Cyberangriffes die zur Strafverfolgung notwendigen Informationen bereitzustellen. Diese anonym erhobenen Daten und Informationen werden durch die Kreisvereinigung Segeberg Zahn\u00e4rzte nicht ausgewertet. Die anonymen Daten der Server-Logfiles werden getrennt von allen durch eine betroffene Person angegebenen personenbezogenen Daten gespeichert.<br><strong>6. Kontaktm\u00f6glichkeit \u00fcber die Internetseite<\/strong><br>Die Internetseite der Vereinigung der Zahn\u00e4rzte des Kreises Segeberg e.V. enth\u00e4lt aufgrund von gesetzlichen Vorschriften Angaben, die eine schnelle elektronische Kontaktaufnahme sowie eine unmittelbare Kommunikation mit uns erm\u00f6glichen. Sofern eine betroffene Person per E-Mail den Kontakt mit dem f\u00fcr die Verarbeitung Verantwortlichen aufnimmt, werden die von der betroffenen Person \u00fcbermittelten personenbezogenen Daten automatisch gespeichert. Solche auf freiwilliger Basis von einer betroffenen Person an den f\u00fcr die Verarbeitung Verantwortlichen \u00fcbermittelten personenbezogenen Daten werden f\u00fcr Zwecke der Bearbeitung oder der Kontaktaufnahme zur betroffenen Person gespeichert. Es erfolgt keine Weitergabe dieser personenbezogenen Daten an Dritte.<br><strong>7. Routinem\u00e4\u00dfige L\u00f6schung und Sperrung von personenbezogenen Daten<\/strong> <br>Der f\u00fcr die Verarbeitung Verantwortliche verarbeitet und speichert personenbezogene Daten der betroffenen Person nur f\u00fcr den Zeitraum, der zur Erreichung des Speicherungszwecks erforderlich ist oder sofern dies durch den Europ\u00e4ischen Richtlinien- und Verordnungsgeber oder einen anderen Gesetzgeber in Gesetzen oder Vorschriften, welchen der f\u00fcr die Verarbeitung Verantwortliche unterliegt, vorgesehen wurde. Entf\u00e4llt der Speicherungszweck oder l\u00e4uft eine vom Europ\u00e4ischen Richtlinien- und Verordnungsgeber oder einem anderen zust\u00e4ndigen Gesetzgeber vorgeschriebene Speicherfrist ab, werden die personenbezogenen Daten routinem\u00e4\u00dfig und entsprechend den gesetzlichen Vorschriften gesperrt oder gel\u00f6scht.<br><strong>8. Rechte der betroffenen Persona)&nbsp;&nbsp;&nbsp; Recht auf Best\u00e4tigung<\/strong><br>Jede betroffene Person hat das vom Europ\u00e4ischen Richtlinien- und Verordnungsgeber einger\u00e4umte Recht, von dem f\u00fcr die Verarbeitung Verantwortlichen eine Best\u00e4tigung dar\u00fcber zu verlangen, ob sie betreffende personenbezogene Daten verarbeitet werden. M\u00f6chte eine betroffene Person dieses Best\u00e4tigungsrecht in Anspruch nehmen, kann sie sich hierzu jederzeit an einen Mitarbeiter des f\u00fcr die Verarbeitung Verantwortlichen wenden.<br><strong>b)&nbsp;&nbsp;&nbsp; Recht auf Auskunft<\/strong><br>Jede von der Verarbeitung personenbezogener Daten betroffene Person hat das vom Europ\u00e4ischen Richtlinien- und Verordnungsgeber gew\u00e4hrte Recht, jederzeit von dem f\u00fcr die Verarbeitung Verantwortlichen unentgeltliche Auskunft \u00fcber die zu seiner Person gespeicherten personenbezogenen Daten und eine Kopie dieser Auskunft zu erhalten.&nbsp;Ferner steht der betroffenen Person ein Auskunftsrecht dar\u00fcber zu, ob personenbezogene Daten an ein Drittland oder an eine internationale Organisation \u00fcbermittelt wurden. Sofern dies der Fall ist, so steht der betroffenen Person im \u00dcbrigen das Recht zu, Auskunft \u00fcber die geeigneten Garantien im Zusammenhang mit der \u00dcbermittlung zu erhalten. M\u00f6chte eine betroffene Person dieses Auskunftsrecht in Anspruch nehmen, kann sie sich hierzu jederzeit an einen Mitarbeiter des f\u00fcr die Verarbeitung Verantwortlichen wenden.<br><strong>c)&nbsp;&nbsp;&nbsp; Recht auf Berichtigung<\/strong><br>Jede von der Verarbeitung personenbezogener Daten betroffene Person hat das vom Europ\u00e4ischen Richtlinien- und Verordnungsgeber gew\u00e4hrte Recht, die unverz\u00fcgliche Berichtigung sie betreffender unrichtiger personenbezogener Daten zu verlangen. Ferner steht der betroffenen Person das Recht zu, unter Ber\u00fccksichtigung der Zwecke der Verarbeitung, die Vervollst\u00e4ndigung unvollst\u00e4ndiger personenbezogener Daten, auch mittels einer erg\u00e4nzenden Erkl\u00e4rung, zu verlangen. M\u00f6chte eine betroffene Person dieses Berichtigungsrecht in Anspruch nehmen, kann sie sich hierzu jederzeit an f\u00fcr die Verarbeitung Verantwortlichen wenden.<br><strong>d)&nbsp;&nbsp;&nbsp; Recht auf L\u00f6schung (Recht auf Vergessen werden)<\/strong><br>Jede von der Verarbeitung personenbezogener Daten betroffene Person hat das vom Europ\u00e4ischen Richtlinien- und Verordnungsgeber gew\u00e4hrte Recht, von dem Verantwortlichen zu verlangen, dass die sie betreffenden personenbezogenen Daten unverz\u00fcglich gel\u00f6scht werden.&nbsp;<br><strong>e)&nbsp;&nbsp;&nbsp; Recht auf Einschr\u00e4nkung der Verarbeitung<\/strong><br>Jede von der Verarbeitung personenbezogener Daten betroffene Person hat das vom Europ\u00e4ischen Richtlinien- und Verordnungsgeber gew\u00e4hrte Recht, von dem Verantwortlichen die Einschr\u00e4nkung der Verarbeitung zu verlangen.&nbsp;<br><strong>f)&nbsp;&nbsp;&nbsp;&nbsp; Recht auf Daten\u00fcbertragbarkeit<\/strong><br>Jede von der Verarbeitung personenbezogener Daten betroffene Person hat das vom Europ\u00e4ischen Richtlinien- und Verordnungsgeber gew\u00e4hrte Recht, die sie betreffenden personenbezogenen Daten, welche durch die betroffene Person einem Verantwortlichen bereitgestellt wurden, in einem strukturierten, g\u00e4ngigen und maschinenlesbaren Format zu erhalten.&nbsp;<br><strong>g)&nbsp;&nbsp;&nbsp; Recht auf Widerspruch<\/strong><br>Jede von der Verarbeitung personenbezogener Daten betroffene Person hat das vom Europ\u00e4ischen Richtlinien- und Verordnungsgeber gew\u00e4hrte Recht, aus Gr\u00fcnden, die sich aus ihrer besonderen Situation ergeben, jederzeit gegen die Verarbeitung sie betreffender personenbezogener Daten, die aufgrund von Art. 6 Abs. 1 Buchstaben e oder f DS-GVO erfolgt, Widerspruch einzulegen.&nbsp;<br><strong>i)&nbsp;&nbsp;&nbsp;&nbsp;&nbsp; Recht auf Widerruf einer datenschutzrechtlichen Einwilligung<\/strong><br>Jede von der Verarbeitung personenbezogener Daten betroffene Person hat das vom Europ\u00e4ischen Richtlinien- und Verordnungsgeber gew\u00e4hrte Recht, eine Einwilligung zur Verarbeitung personenbezogener Daten jederzeit zu widerrufen. M\u00f6chte die betroffene Person ihr Recht auf Widerruf einer Einwilligung geltend machen, kann sie sich hierzu jederzeit an den f\u00fcr die Verarbeitung Verantwortlichen wenden.<br><strong>9. Wie k\u00f6nnen Sie sich ggf. beschweren?<\/strong><br>Sie haben die M\u00f6glichkeit, sich mit einer Beschwerde im Zusammenhang mit der Datenverarbeitung an die f\u00fcr uns zust\u00e4ndige Datenschutzaufsicht zu wenden: Landesbeauftragte f\u00fcr Datenschutz Schleswig-Holstein, Frau Marit Hansen, Diplom-Informatikerin, Unabh\u00e4ngiges Landeszentrum f\u00fcr Datenschutz Schleswig-Holstein (Ad\u00f6R), Postfach 71 16, 24171 Kiel&nbsp;&#8211; Besucheranschrift:&nbsp;Holstenstra\u00dfe 98, 24103 Kiel, Telefon: 0431 988-1200 \/ Fax: 0431 988-1223, E-Mail:&nbsp;<a href=\"mailto:mail@datenschutzzentrum.de\">mail@datenschutzzentrum.de<\/a>&nbsp;Internet:&nbsp;www.datenschutzzentrum.de<\/td><\/tr><\/tbody><\/table><\/figure>\n","protected":false},"excerpt":{"rendered":"<p>Zahn\u00e4rzteverein Kreis Segeberg e.V.Dr. Andreas SporbeckZahnarzt Rathausallee 70, 22846 Norderstedt Fon 040\/522 49 94 Fax 040\/522 86 98, E-Mail: praxis@dr-sporbeck.deDer Zahn\u00e4rzteverein Kreis Segeberg e.V. ist beim Amtgericht Kiel eingetragen.\u00a0 Kammer: Zahn\u00e4rztekammer Schleswig-Holstein, Westring 496, 24106 Kiel&nbsp;&nbsp;www.zaek-sh.de Datenschutzerkl\u00e4rungEine Nutzung der Internetseiten der Vereinigung der Zahn\u00e4rzte des Kreises Segeberg e.V. ist grunds\u00e4tzlich ohne jede Angabe personenbezogener Daten [&hellip;]<\/p>\n","protected":false},"author":1,"featured_media":0,"parent":0,"menu_order":0,"comment_status":"closed","ping_status":"closed","template":"","meta":[],"_links":{"self":[{"href":"http:\/\/segeberger-zahnaerzte.de\/index.php?rest_route=\/wp\/v2\/pages\/37"}],"collection":[{"href":"http:\/\/segeberger-zahnaerzte.de\/index.php?rest_route=\/wp\/v2\/pages"}],"about":[{"href":"http:\/\/segeberger-zahnaerzte.de\/index.php?rest_route=\/wp\/v2\/types\/page"}],"author":[{"embeddable":true,"href":"http:\/\/segeberger-zahnaerzte.de\/index.php?rest_route=\/wp\/v2\/users\/1"}],"replies":[{"embeddable":true,"href":"http:\/\/segeberger-zahnaerzte.de\/index.php?rest_route=%2Fwp%2Fv2%2Fcomments&post=37"}],"version-history":[{"count":10,"href":"http:\/\/segeberger-zahnaerzte.de\/index.php?rest_route=\/wp\/v2\/pages\/37\/revisions"}],"predecessor-version":[{"id":86,"href":"http:\/\/segeberger-zahnaerzte.de\/index.php?rest_route=\/wp\/v2\/pages\/37\/revisions\/86"}],"wp:attachment":[{"href":"http:\/\/segeberger-zahnaerzte.de\/index.php?rest_route=%2Fwp%2Fv2%2Fmedia&parent=37"}],"curies":[{"name":"wp","href":"https:\/\/api.w.org\/{rel}","templated":true}]}}